{"id":8539,"date":"2020-04-29T07:13:09","date_gmt":"2020-04-29T07:13:09","guid":{"rendered":"http:\/\/xpress.ro\/?page_id=8539"},"modified":"2020-06-08T10:17:36","modified_gmt":"2020-06-08T10:17:36","slug":"produse-tiparite","status":"publish","type":"page","link":"https:\/\/xpress.ro\/en\/produse\/produse-tiparite\/","title":{"rendered":"Printed products"},"content":{"rendered":"<div data-elementor-type=\"wp-post\" data-elementor-id=\"8539\" class=\"elementor elementor-8539\" data-elementor-settings=\"[]\">\n\t\t\t<div class=\"elementor-inner\">\n\t\t\t\t<div class=\"elementor-section-wrap\">\n\t\t\t\t\t\t\t<section class=\"elementor-element elementor-element-5cff988 invert elementor-section-boxed elementor-section-height-default elementor-section-height-default elementor-section elementor-top-section\" data-id=\"5cff988\" data-element_type=\"section\" data-settings=\"{&quot;background_background&quot;:&quot;classic&quot;}\">\n\t\t\t\t\t\t\t<div class=\"elementor-background-overlay\"><\/div>\n\t\t\t\t\t\t\t<div class=\"elementor-container elementor-column-gap-no\">\n\t\t\t\t<div class=\"elementor-row\">\n\t\t\t\t<div class=\"elementor-element elementor-element-ca1a4b4 elementor-column elementor-col-100 elementor-top-column\" data-id=\"ca1a4b4\" data-element_type=\"column\">\n\t\t\t<div class=\"elementor-column-wrap  elementor-element-populated\">\n\t\t\t\t\t<div class=\"elementor-widget-wrap\">\n\t\t\t\t<div class=\"elementor-element elementor-element-e7da8c1 custom-animation elementor-widget elementor-widget-heading\" data-id=\"e7da8c1\" data-element_type=\"widget\" data-widget_type=\"heading.default\">\n\t\t\t\t<div class=\"elementor-widget-container\">\n\t\t\t<h3 class=\"elementor-heading-title elementor-size-default\">Products<\/h3>\t\t<\/div>\n\t\t\t\t<\/div>\n\t\t\t\t<div class=\"elementor-element elementor-element-79c07f8 elementor-widget elementor-widget-heading\" data-id=\"79c07f8\" data-element_type=\"widget\" data-widget_type=\"heading.default\">\n\t\t\t\t<div class=\"elementor-widget-container\">\n\t\t\t<h1 class=\"elementor-heading-title elementor-size-default\">Printed products<\/h1>\t\t<\/div>\n\t\t\t\t<\/div>\n\t\t\t\t\t\t<\/div>\n\t\t\t<\/div>\n\t\t<\/div>\n\t\t\t\t\t\t<\/div>\n\t\t\t<\/div>\n\t\t<\/section>\n\t\t\t\t<section class=\"elementor-element elementor-element-5c6b870 elementor-section-boxed elementor-section-height-default elementor-section-height-default elementor-section elementor-top-section\" data-id=\"5c6b870\" data-element_type=\"section\">\n\t\t\t\t\t\t<div class=\"elementor-container elementor-column-gap-no\">\n\t\t\t\t<div class=\"elementor-row\">\n\t\t\t\t<div class=\"elementor-element elementor-element-59b121b elementor-column elementor-col-100 elementor-top-column\" data-id=\"59b121b\" data-element_type=\"column\">\n\t\t\t<div class=\"elementor-column-wrap  elementor-element-populated\">\n\t\t\t\t\t<div class=\"elementor-widget-wrap\">\n\t\t\t\t<div class=\"elementor-element elementor-element-31842d7 elementor-widget elementor-widget-heading\" data-id=\"31842d7\" data-element_type=\"widget\" data-widget_type=\"heading.default\">\n\t\t\t\t<div class=\"elementor-widget-container\">\n\t\t\t<h2 class=\"elementor-heading-title elementor-size-default\">Printed products (offset and digital)<\/h2>\t\t<\/div>\n\t\t\t\t<\/div>\n\t\t\t\t<div class=\"elementor-element elementor-element-f62ad17 elementor-widget elementor-widget-spacer\" data-id=\"f62ad17\" data-element_type=\"widget\" data-widget_type=\"spacer.default\">\n\t\t\t\t<div class=\"elementor-widget-container\">\n\t\t\t\t\t<div class=\"elementor-spacer\">\n\t\t\t<div class=\"elementor-spacer-inner\"><\/div>\n\t\t<\/div>\n\t\t\t\t<\/div>\n\t\t\t\t<\/div>\n\t\t\t\t<div class=\"elementor-element elementor-element-e3a768c elementor-widget elementor-widget-text-editor\" data-id=\"e3a768c\" data-element_type=\"widget\" data-widget_type=\"text-editor.default\">\n\t\t\t\t<div class=\"elementor-widget-container\">\n\t\t\t\t\t<div class=\"elementor-text-editor elementor-clearfix\"><p><span style=\"font-weight: 400;\">Printed products are an excellent means of communicating with customers. The visual impact obtained by a print with great graphics and impeccable execution is strong, and the information presented persists much better in the memory of those who receive and consult them.&nbsp;<\/span><\/p>\n<p><span style=\"font-weight: 400;\">Even though they belong to the classic category of marketing tools, there is a target audience and many areas where this format is highly appreciated and useful for strengthening the relationship with customers and collaborators.<\/span><\/p>\n<p><span style=\"font-weight: 400;\">Despite the growing interest in online advertising, printed products will continue to be an indispensable component of the means of promotion and all companies eager for performance must combine and exploit effectively the advantages offered by any of these marketing elements.&nbsp;<\/span><\/p>\n<p><span style=\"font-weight: 400;\">Printed products can be extremely useful in communicating to an audience of the most diverse categories and interests. They can be used to inform, contextually, to submit an offer, promotion or discount or to send more complex messages.&nbsp;<\/span><\/p>\n<p><span style=\"font-weight: 400;\">The pattern has an activating effect on an emotional level and can influence and convince an audience of a well-targeted consumer category much better. The pattern is concrete, credible and can better reach customers who still have a strong affinity for printed communication.&nbsp;<\/span><\/p>\n<p><span style=\"font-weight: 400;\">Printed products can still be used successfully in combination with other more modern means of promotion. Together with them can intensify the impact of advertising communication. The prince provides an intense and lasting way of reception, is a very good support for strengthening a brand and produces long-term effects.<\/span><\/p>\n<p><span style=\"font-weight: 400;\">Depending on the interests and circulations you want, a company may use any of the offset or digital forms to promote itself. Digital printing is done with laser printers, while offset printing involves the printing process by which the image is transferred to the chosen media using the printing plates. Digital offers advantages to small circulations and works with many variables, while offset circulation is the winner for orders with a larger number of products.&nbsp;<\/span><\/p>\n<p><span style=\"font-weight: 400;\">Today's digital presses are high-performance and offer a very good value for money, but they are not yet able to compete with the workload of a classic printer. The technologies currently available guarantee exceptional benefits and quality of the prince for whatever method you choose.&nbsp;<\/span><\/p>\n<pre><em>Pentru produse \"ready-made\" acceseaza cu incredere siteul nostru dedicat cu comenzi si plati online: <a href=\"https:\/\/www.xpressmag.ro\/55-tipar-offsetdigital\">XPRESSMAG<\/a> <br><\/em><\/pre><\/div>\n\t\t\t\t<\/div>\n\t\t\t\t<\/div>\n\t\t\t\t\t\t<\/div>\n\t\t\t<\/div>\n\t\t<\/div>\n\t\t\t\t\t\t<\/div>\n\t\t\t<\/div>\n\t\t<\/section>\n\t\t\t\t<section class=\"elementor-element elementor-element-8d45aa6 invert elementor-section-boxed elementor-section-height-default elementor-section-height-default elementor-section elementor-top-section\" data-id=\"8d45aa6\" data-element_type=\"section\" data-settings=\"{&quot;background_background&quot;:&quot;classic&quot;}\">\n\t\t\t\t\t\t\t<div class=\"elementor-background-overlay\"><\/div>\n\t\t\t\t\t\t\t<div class=\"elementor-container elementor-column-gap-no\">\n\t\t\t\t<div class=\"elementor-row\">\n\t\t\t\t<div class=\"elementor-element elementor-element-f6211bd elementor-column elementor-col-100 elementor-top-column\" data-id=\"f6211bd\" data-element_type=\"column\" data-settings=\"{&quot;background_background&quot;:&quot;classic&quot;}\">\n\t\t\t<div class=\"elementor-column-wrap  elementor-element-populated\">\n\t\t\t\t\t<div class=\"elementor-widget-wrap\">\n\t\t\t\t<div class=\"elementor-element elementor-element-e076439 elementor-widget elementor-widget-spacer\" data-id=\"e076439\" data-element_type=\"widget\" data-widget_type=\"spacer.default\">\n\t\t\t\t<div class=\"elementor-widget-container\">\n\t\t\t\t\t<div class=\"elementor-spacer\">\n\t\t\t<div class=\"elementor-spacer-inner\"><\/div>\n\t\t<\/div>\n\t\t\t\t<\/div>\n\t\t\t\t<\/div>\n\t\t\t\t<div class=\"elementor-element elementor-element-a451ba7 elementor-widget elementor-widget-text-editor\" data-id=\"a451ba7\" data-element_type=\"widget\" data-widget_type=\"text-editor.default\">\n\t\t\t\t<div class=\"elementor-widget-container\">\n\t\t\t\t\t<div class=\"elementor-text-editor elementor-clearfix\"><p class=\" translation-block\">If you need to produce presentation and promotion materials in offset or digital print, we at Xpress  are always at your disposal with high-performance equipment, a team with a lot of experience and tips to get the desired results, at the lowest cost.<\/p><\/div>\n\t\t\t\t<\/div>\n\t\t\t\t<\/div>\n\t\t\t\t<div class=\"elementor-element elementor-element-986d269 elementor-widget elementor-widget-text-editor\" data-id=\"986d269\" data-element_type=\"widget\" data-widget_type=\"text-editor.default\">\n\t\t\t\t<div class=\"elementor-widget-container\">\n\t\t\t\t\t<div class=\"elementor-text-editor elementor-clearfix\"><p>For a personalized offer<\/p><\/div>\n\t\t\t\t<\/div>\n\t\t\t\t<\/div>\n\t\t\t\t<div class=\"elementor-element elementor-element-8e963b3 elementor-button-danger elementor-align-center elementor-widget elementor-widget-button\" data-id=\"8e963b3\" data-element_type=\"widget\" data-widget_type=\"button.default\">\n\t\t\t\t<div class=\"elementor-widget-container\">\n\t\t\t\t\t<div class=\"elementor-button-wrapper\">\n\t\t\t<a href=\"https:\/\/xpress.ro\/en\/contact\/\" class=\"elementor-button-link elementor-button elementor-size-xl\" role=\"button\">\n\t\t\t\t\t\t<span class=\"elementor-button-content-wrapper\">\n\t\t\t\t\t\t<span class=\"elementor-button-text\">Contact Us<\/span>\n\t\t<\/span>\n\t\t\t\t\t<\/a>\n\t\t<\/div>\n\t\t\t\t<\/div>\n\t\t\t\t<\/div>\n\t\t\t\t<div class=\"elementor-element elementor-element-b4b15c3 elementor-widget elementor-widget-spacer\" data-id=\"b4b15c3\" data-element_type=\"widget\" data-widget_type=\"spacer.default\">\n\t\t\t\t<div class=\"elementor-widget-container\">\n\t\t\t\t\t<div class=\"elementor-spacer\">\n\t\t\t<div class=\"elementor-spacer-inner\"><\/div>\n\t\t<\/div>\n\t\t\t\t<\/div>\n\t\t\t\t<\/div>\n\t\t\t\t\t\t<\/div>\n\t\t\t<\/div>\n\t\t<\/div>\n\t\t\t\t\t\t<\/div>\n\t\t\t<\/div>\n\t\t<\/section>\n\t\t\t\t\t\t<\/div>\n\t\t\t<\/div>\n\t\t<\/div>","protected":false},"excerpt":{"rendered":"<p>produse Produse tiparite Produse tiparite (offset \u0219i digital) Produsele tiparite sunt un mijloc excelent de comunicare cu clien\u021bii. Impactul vizual ob\u021binut printr-un print cu o grafic\u0103 deosebit\u0103 \u0219i o execu\u021bie impecabil\u0103 este puternic, iar informa\u021bia prezentat\u0103 persist\u0103 mult mai bine \u00een memoria celor care le primesc \u0219i le consult\u0103.&nbsp; Chiar dac\u0103 apar\u021bin categoriei clasice de [&hellip;]<\/p>","protected":false},"author":1,"featured_media":0,"parent":4283,"menu_order":0,"comment_status":"closed","ping_status":"closed","template":"page-templates\/fullwidth-content.php","meta":[],"_links":{"self":[{"href":"https:\/\/xpress.ro\/en\/wp-json\/wp\/v2\/pages\/8539"}],"collection":[{"href":"https:\/\/xpress.ro\/en\/wp-json\/wp\/v2\/pages"}],"about":[{"href":"https:\/\/xpress.ro\/en\/wp-json\/wp\/v2\/types\/page"}],"author":[{"embeddable":true,"href":"https:\/\/xpress.ro\/en\/wp-json\/wp\/v2\/users\/1"}],"replies":[{"embeddable":true,"href":"https:\/\/xpress.ro\/en\/wp-json\/wp\/v2\/comments?post=8539"}],"version-history":[{"count":8,"href":"https:\/\/xpress.ro\/en\/wp-json\/wp\/v2\/pages\/8539\/revisions"}],"predecessor-version":[{"id":8932,"href":"https:\/\/xpress.ro\/en\/wp-json\/wp\/v2\/pages\/8539\/revisions\/8932"}],"up":[{"embeddable":true,"href":"https:\/\/xpress.ro\/en\/wp-json\/wp\/v2\/pages\/4283"}],"wp:attachment":[{"href":"https:\/\/xpress.ro\/en\/wp-json\/wp\/v2\/media?parent=8539"}],"curies":[{"name":"wp","href":"https:\/\/api.w.org\/{rel}","templated":true}]}}