{"id":8543,"date":"2020-04-29T07:26:36","date_gmt":"2020-04-29T07:26:36","guid":{"rendered":"http:\/\/xpress.ro\/?page_id=8543"},"modified":"2020-06-08T10:22:38","modified_gmt":"2020-06-08T10:22:38","slug":"produse-promotionale","status":"publish","type":"page","link":"http:\/\/xpress.ro\/en\/produse\/produse-promotionale\/","title":{"rendered":"Promotional Products"},"content":{"rendered":"<div data-elementor-type=\"wp-post\" data-elementor-id=\"8543\" class=\"elementor elementor-8543\" data-elementor-settings=\"[]\">\n\t\t\t<div class=\"elementor-inner\">\n\t\t\t\t<div class=\"elementor-section-wrap\">\n\t\t\t\t\t\t\t<section class=\"elementor-element elementor-element-5cff988 invert elementor-section-boxed elementor-section-height-default elementor-section-height-default elementor-section elementor-top-section\" data-id=\"5cff988\" data-element_type=\"section\" data-settings=\"{&quot;background_background&quot;:&quot;classic&quot;}\">\n\t\t\t\t\t\t\t<div class=\"elementor-background-overlay\"><\/div>\n\t\t\t\t\t\t\t<div class=\"elementor-container elementor-column-gap-no\">\n\t\t\t\t<div class=\"elementor-row\">\n\t\t\t\t<div class=\"elementor-element elementor-element-ca1a4b4 elementor-column elementor-col-100 elementor-top-column\" data-id=\"ca1a4b4\" data-element_type=\"column\">\n\t\t\t<div class=\"elementor-column-wrap  elementor-element-populated\">\n\t\t\t\t\t<div class=\"elementor-widget-wrap\">\n\t\t\t\t<div class=\"elementor-element elementor-element-e7da8c1 custom-animation elementor-widget elementor-widget-heading\" data-id=\"e7da8c1\" data-element_type=\"widget\" data-widget_type=\"heading.default\">\n\t\t\t\t<div class=\"elementor-widget-container\">\n\t\t\t<h3 class=\"elementor-heading-title elementor-size-default\">Products<\/h3>\t\t<\/div>\n\t\t\t\t<\/div>\n\t\t\t\t<div class=\"elementor-element elementor-element-79c07f8 elementor-widget elementor-widget-heading\" data-id=\"79c07f8\" data-element_type=\"widget\" data-widget_type=\"heading.default\">\n\t\t\t\t<div class=\"elementor-widget-container\">\n\t\t\t<h1 class=\"elementor-heading-title elementor-size-default\">Promotional Products<\/h1>\t\t<\/div>\n\t\t\t\t<\/div>\n\t\t\t\t\t\t<\/div>\n\t\t\t<\/div>\n\t\t<\/div>\n\t\t\t\t\t\t<\/div>\n\t\t\t<\/div>\n\t\t<\/section>\n\t\t\t\t<section class=\"elementor-element elementor-element-5c6b870 elementor-section-boxed elementor-section-height-default elementor-section-height-default elementor-section elementor-top-section\" data-id=\"5c6b870\" data-element_type=\"section\">\n\t\t\t\t\t\t<div class=\"elementor-container elementor-column-gap-no\">\n\t\t\t\t<div class=\"elementor-row\">\n\t\t\t\t<div class=\"elementor-element elementor-element-59b121b elementor-column elementor-col-100 elementor-top-column\" data-id=\"59b121b\" data-element_type=\"column\">\n\t\t\t<div class=\"elementor-column-wrap  elementor-element-populated\">\n\t\t\t\t\t<div class=\"elementor-widget-wrap\">\n\t\t\t\t<div class=\"elementor-element elementor-element-31842d7 elementor-widget elementor-widget-heading\" data-id=\"31842d7\" data-element_type=\"widget\" data-widget_type=\"heading.default\">\n\t\t\t\t<div class=\"elementor-widget-container\">\n\t\t\t<h2 class=\"elementor-heading-title elementor-size-default\">Promotional products<\/h2>\t\t<\/div>\n\t\t\t\t<\/div>\n\t\t\t\t<div class=\"elementor-element elementor-element-f62ad17 elementor-widget elementor-widget-spacer\" data-id=\"f62ad17\" data-element_type=\"widget\" data-widget_type=\"spacer.default\">\n\t\t\t\t<div class=\"elementor-widget-container\">\n\t\t\t\t\t<div class=\"elementor-spacer\">\n\t\t\t<div class=\"elementor-spacer-inner\"><\/div>\n\t\t<\/div>\n\t\t\t\t<\/div>\n\t\t\t\t<\/div>\n\t\t\t\t<div class=\"elementor-element elementor-element-e3a768c elementor-widget elementor-widget-text-editor\" data-id=\"e3a768c\" data-element_type=\"widget\" data-widget_type=\"text-editor.default\">\n\t\t\t\t<div class=\"elementor-widget-container\">\n\t\t\t\t\t<div class=\"elementor-text-editor elementor-clearfix\"><p><span style=\"font-weight: 400;\">Promotional materials are products inscribed with a company's name, logo, message or offer, designed to inform customers about the company, a product or reward fidelity. They are a tool for communicating with potential and current customers with great persuasive power.<\/span><\/p><p><span style=\"font-weight: 400;\">That's why any company, to organize a successful marketing campaign, should never overlook this kind of products. They can help it increase brand visibility, strengthen its position and gain more confidence in the market.<\/span><\/p><p><span style=\"font-weight: 400;\">Promotional products are an important communication channel that can be used independently of other channels or come to complement and strengthen the message communicated on them. If well done and distributed where it should be, the effects generated are very advantageous for the company. In many cases they are much more effective than radio ads or outdoor panels.\u00a0<\/span><\/p><p><span style=\"font-weight: 400;\">Today there are a multitude of catalog product variants available, very varied printing technologies and countless means of customization. Virtually any company, depending on preferences, creativity and intentions can choose and request the realization of the most ingenious and original projects.<\/span><\/p><p><span style=\"font-weight: 400;\">People are excited to receive a useful and representative product, inscribed with the name or logo of a brand. As they use this product and become familiar with the brand, the chances of buying from a company or becoming a loyal customer increase. We can even say that offering a promotional product works as a special business card.<\/span><\/p><p><span style=\"font-weight: 400;\">Promotional materials provide the extra exposure that every company needs. Unlike TV or outdoor print ads, which are seen in passing or whenever we have the road where they are displayed, useful promotional products can be viewed an unlimited number of times over a much longer period of time.<\/span><\/p><p><span style=\"font-weight: 400;\">A well-thought-out and well-chosen promotional material may also influence the purchase decision or even change this habit. Most customers are more receptive to trying and using a company's products after receiving a free promotional material.\u00a0<\/span><\/p><p><span style=\"font-weight: 400;\">To ensure the desired exposure and visibility, it is good for a company to analyze very well with which products it associates its brand and the purpose for which it offers them. The most appreciated products, which can guarantee the success of a campaign, are products that can be used frequently, which are representative of the company's field of activity, which are for the season in which the promotion campaign is carried out.\u00a0<\/span><\/p><p><span style=\"font-weight: 400;\">This means that the most successful products are the ones that consumers need as frequently as possible. Thus the most popular promotional products are: pens, mugs, USB sticks, T-shirts or backpacks. <br \/><\/span><\/p><p>\u00a0<\/p><pre><em>Pentru produse \"ready-made\" acceseaza cu incredere siteul nostru dedicat cu comenzi si plati online: <a href=\"https:\/\/www.xpressmag.ro\/56-promotionale\">XPRESSMAG<\/a> <\/em><\/pre><p>\u00a0<\/p><\/div>\n\t\t\t\t<\/div>\n\t\t\t\t<\/div>\n\t\t\t\t\t\t<\/div>\n\t\t\t<\/div>\n\t\t<\/div>\n\t\t\t\t\t\t<\/div>\n\t\t\t<\/div>\n\t\t<\/section>\n\t\t\t\t<section class=\"elementor-element elementor-element-8d45aa6 invert elementor-section-boxed elementor-section-height-default elementor-section-height-default elementor-section elementor-top-section\" data-id=\"8d45aa6\" data-element_type=\"section\" data-settings=\"{&quot;background_background&quot;:&quot;classic&quot;}\">\n\t\t\t\t\t\t\t<div class=\"elementor-background-overlay\"><\/div>\n\t\t\t\t\t\t\t<div class=\"elementor-container elementor-column-gap-no\">\n\t\t\t\t<div class=\"elementor-row\">\n\t\t\t\t<div class=\"elementor-element elementor-element-f6211bd elementor-column elementor-col-100 elementor-top-column\" data-id=\"f6211bd\" data-element_type=\"column\" data-settings=\"{&quot;background_background&quot;:&quot;classic&quot;}\">\n\t\t\t<div class=\"elementor-column-wrap  elementor-element-populated\">\n\t\t\t\t\t<div class=\"elementor-widget-wrap\">\n\t\t\t\t<div class=\"elementor-element elementor-element-e076439 elementor-widget elementor-widget-spacer\" data-id=\"e076439\" data-element_type=\"widget\" data-widget_type=\"spacer.default\">\n\t\t\t\t<div class=\"elementor-widget-container\">\n\t\t\t\t\t<div class=\"elementor-spacer\">\n\t\t\t<div class=\"elementor-spacer-inner\"><\/div>\n\t\t<\/div>\n\t\t\t\t<\/div>\n\t\t\t\t<\/div>\n\t\t\t\t<div class=\"elementor-element elementor-element-a451ba7 elementor-widget elementor-widget-text-editor\" data-id=\"a451ba7\" data-element_type=\"widget\" data-widget_type=\"text-editor.default\">\n\t\t\t\t<div class=\"elementor-widget-container\">\n\t\t\t\t\t<div class=\"elementor-text-editor elementor-clearfix\"><p><span style=\"font-weight: 400;\">To produce and choose the most suitable promotional products and organize successful promotional campaigns, it is good to call a specialized advertising agency, as we are at <\/span><b>Xpress<\/b><span style=\"font-weight: 400;\">.<\/span><\/p><\/div>\n\t\t\t\t<\/div>\n\t\t\t\t<\/div>\n\t\t\t\t<div class=\"elementor-element elementor-element-986d269 elementor-widget elementor-widget-text-editor\" data-id=\"986d269\" data-element_type=\"widget\" data-widget_type=\"text-editor.default\">\n\t\t\t\t<div class=\"elementor-widget-container\">\n\t\t\t\t\t<div class=\"elementor-text-editor elementor-clearfix\"><p>For a personalized offer<\/p><\/div>\n\t\t\t\t<\/div>\n\t\t\t\t<\/div>\n\t\t\t\t<div class=\"elementor-element elementor-element-8e963b3 elementor-button-danger elementor-align-center elementor-widget elementor-widget-button\" data-id=\"8e963b3\" data-element_type=\"widget\" data-widget_type=\"button.default\">\n\t\t\t\t<div class=\"elementor-widget-container\">\n\t\t\t\t\t<div class=\"elementor-button-wrapper\">\n\t\t\t<a href=\"http:\/\/xpress.ro\/en\/contact\/\" class=\"elementor-button-link elementor-button elementor-size-xl\" role=\"button\">\n\t\t\t\t\t\t<span class=\"elementor-button-content-wrapper\">\n\t\t\t\t\t\t<span class=\"elementor-button-text\">Contact Us<\/span>\n\t\t<\/span>\n\t\t\t\t\t<\/a>\n\t\t<\/div>\n\t\t\t\t<\/div>\n\t\t\t\t<\/div>\n\t\t\t\t<div class=\"elementor-element elementor-element-b4b15c3 elementor-widget elementor-widget-spacer\" data-id=\"b4b15c3\" data-element_type=\"widget\" data-widget_type=\"spacer.default\">\n\t\t\t\t<div class=\"elementor-widget-container\">\n\t\t\t\t\t<div class=\"elementor-spacer\">\n\t\t\t<div class=\"elementor-spacer-inner\"><\/div>\n\t\t<\/div>\n\t\t\t\t<\/div>\n\t\t\t\t<\/div>\n\t\t\t\t\t\t<\/div>\n\t\t\t<\/div>\n\t\t<\/div>\n\t\t\t\t\t\t<\/div>\n\t\t\t<\/div>\n\t\t<\/section>\n\t\t\t\t\t\t<\/div>\n\t\t\t<\/div>\n\t\t<\/div>","protected":false},"excerpt":{"rendered":"<p>produse Produse Promo\u021bionale Produse promotionale Materialele promo\u021bionale sunt produse inscrip\u021bionate cu numele, logo-ul, mesajul sau oferta unei companii, menite s\u0103 informeze clien\u021bii \u00een leg\u0103tur\u0103 cu compania, un produs sau s\u0103 recompenseze fidelitatea. Ele sunt un instrument de comunicare cu clien\u021bii poten\u021bieli \u0219i actuali, cu mare putere de convingere. De aceea orice companie, pentru a organizarea [&hellip;]<\/p>","protected":false},"author":1,"featured_media":0,"parent":4283,"menu_order":0,"comment_status":"closed","ping_status":"closed","template":"page-templates\/fullwidth-content.php","meta":[],"_links":{"self":[{"href":"http:\/\/xpress.ro\/en\/wp-json\/wp\/v2\/pages\/8543"}],"collection":[{"href":"http:\/\/xpress.ro\/en\/wp-json\/wp\/v2\/pages"}],"about":[{"href":"http:\/\/xpress.ro\/en\/wp-json\/wp\/v2\/types\/page"}],"author":[{"embeddable":true,"href":"http:\/\/xpress.ro\/en\/wp-json\/wp\/v2\/users\/1"}],"replies":[{"embeddable":true,"href":"http:\/\/xpress.ro\/en\/wp-json\/wp\/v2\/comments?post=8543"}],"version-history":[{"count":7,"href":"http:\/\/xpress.ro\/en\/wp-json\/wp\/v2\/pages\/8543\/revisions"}],"predecessor-version":[{"id":8937,"href":"http:\/\/xpress.ro\/en\/wp-json\/wp\/v2\/pages\/8543\/revisions\/8937"}],"up":[{"embeddable":true,"href":"http:\/\/xpress.ro\/en\/wp-json\/wp\/v2\/pages\/4283"}],"wp:attachment":[{"href":"http:\/\/xpress.ro\/en\/wp-json\/wp\/v2\/media?parent=8543"}],"curies":[{"name":"wp","href":"https:\/\/api.w.org\/{rel}","templated":true}]}}