{"id":8514,"date":"2020-04-28T11:48:46","date_gmt":"2020-04-28T11:48:46","guid":{"rendered":"http:\/\/xpress.ro\/?page_id=8514"},"modified":"2020-05-12T07:01:43","modified_gmt":"2020-05-12T07:01:43","slug":"campanii-social-media-lansare-de-produs","status":"publish","type":"page","link":"http:\/\/xpress.ro\/en\/servicii\/campanii-social-media-lansare-de-produs\/","title":{"rendered":"Campanii social-media &#8211; lansare de produs"},"content":{"rendered":"<div data-elementor-type=\"wp-post\" data-elementor-id=\"8514\" class=\"elementor elementor-8514\" data-elementor-settings=\"[]\">\n\t\t\t<div class=\"elementor-inner\">\n\t\t\t\t<div class=\"elementor-section-wrap\">\n\t\t\t\t\t\t\t<section class=\"elementor-element elementor-element-5cff988 invert elementor-section-boxed elementor-section-height-default elementor-section-height-default elementor-section elementor-top-section\" data-id=\"5cff988\" data-element_type=\"section\" data-settings=\"{&quot;background_background&quot;:&quot;classic&quot;}\">\n\t\t\t\t\t\t\t<div class=\"elementor-background-overlay\"><\/div>\n\t\t\t\t\t\t\t<div class=\"elementor-container elementor-column-gap-no\">\n\t\t\t\t<div class=\"elementor-row\">\n\t\t\t\t<div class=\"elementor-element elementor-element-ca1a4b4 elementor-column elementor-col-100 elementor-top-column\" data-id=\"ca1a4b4\" data-element_type=\"column\">\n\t\t\t<div class=\"elementor-column-wrap  elementor-element-populated\">\n\t\t\t\t\t<div class=\"elementor-widget-wrap\">\n\t\t\t\t<div class=\"elementor-element elementor-element-e7da8c1 custom-animation elementor-widget elementor-widget-heading\" data-id=\"e7da8c1\" data-element_type=\"widget\" data-widget_type=\"heading.default\">\n\t\t\t\t<div class=\"elementor-widget-container\">\n\t\t\t<h3 class=\"elementor-heading-title elementor-size-default\">Services<\/h3>\t\t<\/div>\n\t\t\t\t<\/div>\n\t\t\t\t<div class=\"elementor-element elementor-element-79c07f8 elementor-widget elementor-widget-heading\" data-id=\"79c07f8\" data-element_type=\"widget\" data-widget_type=\"heading.default\">\n\t\t\t\t<div class=\"elementor-widget-container\">\n\t\t\t<h1 class=\"elementor-heading-title elementor-size-default\">Social media campaigns<\/h1>\t\t<\/div>\n\t\t\t\t<\/div>\n\t\t\t\t\t\t<\/div>\n\t\t\t<\/div>\n\t\t<\/div>\n\t\t\t\t\t\t<\/div>\n\t\t\t<\/div>\n\t\t<\/section>\n\t\t\t\t<section class=\"elementor-element elementor-element-5c6b870 elementor-section-boxed elementor-section-height-default elementor-section-height-default elementor-section elementor-top-section\" data-id=\"5c6b870\" data-element_type=\"section\">\n\t\t\t\t\t\t<div class=\"elementor-container elementor-column-gap-no\">\n\t\t\t\t<div class=\"elementor-row\">\n\t\t\t\t<div class=\"elementor-element elementor-element-59b121b elementor-column elementor-col-100 elementor-top-column\" data-id=\"59b121b\" data-element_type=\"column\">\n\t\t\t<div class=\"elementor-column-wrap  elementor-element-populated\">\n\t\t\t\t\t<div class=\"elementor-widget-wrap\">\n\t\t\t\t<div class=\"elementor-element elementor-element-31842d7 elementor-widget elementor-widget-heading\" data-id=\"31842d7\" data-element_type=\"widget\" data-widget_type=\"heading.default\">\n\t\t\t\t<div class=\"elementor-widget-container\">\n\t\t\t<h2 class=\"elementor-heading-title elementor-size-default\">Social media campaigns - product launch<\/h2>\t\t<\/div>\n\t\t\t\t<\/div>\n\t\t\t\t<div class=\"elementor-element elementor-element-f62ad17 elementor-widget elementor-widget-spacer\" data-id=\"f62ad17\" data-element_type=\"widget\" data-widget_type=\"spacer.default\">\n\t\t\t\t<div class=\"elementor-widget-container\">\n\t\t\t\t\t<div class=\"elementor-spacer\">\n\t\t\t<div class=\"elementor-spacer-inner\"><\/div>\n\t\t<\/div>\n\t\t\t\t<\/div>\n\t\t\t\t<\/div>\n\t\t\t\t<div class=\"elementor-element elementor-element-e3a768c elementor-widget elementor-widget-text-editor\" data-id=\"e3a768c\" data-element_type=\"widget\" data-widget_type=\"text-editor.default\">\n\t\t\t\t<div class=\"elementor-widget-container\">\n\t\t\t\t\t<div class=\"elementor-text-editor elementor-clearfix\"><p><span style=\"font-weight: 400;\">Organizing social-media campaigns is a way to promote your highly effective brand. Thanks to them you can get constant traffic and you can keep your customers up to date with the values, concerns and products on offer. Identifying the most appropriate environments where you can meet with your target audience and have constant communication is a big challenge for everyone who is aware of the growth potential they can bring.<\/span><\/p><p><span style=\"font-weight: 400;\">To succeed in this endeavor you will need a specialist who knows how to make image, text and video content as diverse as possible, able to intelligently influence the interest in the products and services presented. The more creative and inspired this person will be in generating engagement from the target audience, the better the results will be seen in increasing traffic and conversion rates.<\/span><\/p><p><span style=\"font-weight: 400;\">Content designed for social-media campaigns must follow a number of specific features, such as: be as original as possible, be viral, have more of an informative form, without being aggressively oriented towards sales, have a message that is easy to receive and as suitable for the audience it is targeting.<\/span><\/p><p><span style=\"font-weight: 400;\">To enjoy social media campaigns or professional product launch, the safest way is to entrust the initiative of a specialized advertising agency, as we are at Xpress.  In keeping with your preferences, we can develop a well-thought-out marketing strategy from the beginning of the process. Thanks to the experience of running hundreds of such campaigns, we have the skill to make the highest quality content, test it and permanently adjust it to increase your traffic and gain notoriety. Depending on your goal, your chosen campaigns and channels can be very different.<\/span><\/p><p><span style=\"font-weight: 400;\">Running social-media campaigns brings immediate advantages that can be seen in conversion rate and sales. They are a current and very effective way to communicate with the public in their interest at all times, keep them up to date with everything new, and to keep them constantly informed about all promotions and campaigns in progress.\u00a0<\/span><\/p><p><span style=\"font-weight: 400;\">To identify the most suitable social media channels, where the most appropriate audience is, it's a good idea to test the most important ones and choose the ones that bring you the best results. Depending on products, services, or campaigns, conversion can vary widely.\u00a0<\/span><\/p><\/div>\n\t\t\t\t<\/div>\n\t\t\t\t<\/div>\n\t\t\t\t\t\t<\/div>\n\t\t\t<\/div>\n\t\t<\/div>\n\t\t\t\t\t\t<\/div>\n\t\t\t<\/div>\n\t\t<\/section>\n\t\t\t\t<section class=\"elementor-element elementor-element-8d45aa6 invert elementor-section-boxed elementor-section-height-default elementor-section-height-default elementor-section elementor-top-section\" data-id=\"8d45aa6\" data-element_type=\"section\" data-settings=\"{&quot;background_background&quot;:&quot;classic&quot;}\">\n\t\t\t\t\t\t\t<div class=\"elementor-background-overlay\"><\/div>\n\t\t\t\t\t\t\t<div class=\"elementor-container elementor-column-gap-no\">\n\t\t\t\t<div class=\"elementor-row\">\n\t\t\t\t<div class=\"elementor-element elementor-element-f6211bd elementor-column elementor-col-100 elementor-top-column\" data-id=\"f6211bd\" data-element_type=\"column\" data-settings=\"{&quot;background_background&quot;:&quot;classic&quot;}\">\n\t\t\t<div class=\"elementor-column-wrap  elementor-element-populated\">\n\t\t\t\t\t<div class=\"elementor-widget-wrap\">\n\t\t\t\t<div class=\"elementor-element elementor-element-e076439 elementor-widget elementor-widget-spacer\" data-id=\"e076439\" data-element_type=\"widget\" data-widget_type=\"spacer.default\">\n\t\t\t\t<div class=\"elementor-widget-container\">\n\t\t\t\t\t<div class=\"elementor-spacer\">\n\t\t\t<div class=\"elementor-spacer-inner\"><\/div>\n\t\t<\/div>\n\t\t\t\t<\/div>\n\t\t\t\t<\/div>\n\t\t\t\t<div class=\"elementor-element elementor-element-a451ba7 elementor-widget elementor-widget-text-editor\" data-id=\"a451ba7\" data-element_type=\"widget\" data-widget_type=\"text-editor.default\">\n\t\t\t\t<div class=\"elementor-widget-container\">\n\t\t\t\t\t<div class=\"elementor-text-editor elementor-clearfix\"><p><span style=\"font-weight: 400;\">Calling on the services of an advertiser to help you organize social media campaigns as well as possible and to provide you with the tools and data necessary for cost-effectiveness is a very advantageous solution.<\/span><\/p><\/div>\n\t\t\t\t<\/div>\n\t\t\t\t<\/div>\n\t\t\t\t<div class=\"elementor-element elementor-element-986d269 elementor-widget elementor-widget-text-editor\" data-id=\"986d269\" data-element_type=\"widget\" data-widget_type=\"text-editor.default\">\n\t\t\t\t<div class=\"elementor-widget-container\">\n\t\t\t\t\t<div class=\"elementor-text-editor elementor-clearfix\"><p>For a personalized offer<\/p><\/div>\n\t\t\t\t<\/div>\n\t\t\t\t<\/div>\n\t\t\t\t<div class=\"elementor-element elementor-element-8e963b3 elementor-button-danger elementor-align-center elementor-widget elementor-widget-button\" data-id=\"8e963b3\" data-element_type=\"widget\" data-widget_type=\"button.default\">\n\t\t\t\t<div class=\"elementor-widget-container\">\n\t\t\t\t\t<div class=\"elementor-button-wrapper\">\n\t\t\t<a href=\"http:\/\/xpress.ro\/en\/contact\/\" class=\"elementor-button-link elementor-button elementor-size-xl\" role=\"button\">\n\t\t\t\t\t\t<span class=\"elementor-button-content-wrapper\">\n\t\t\t\t\t\t<span class=\"elementor-button-text\">Contact Us<\/span>\n\t\t<\/span>\n\t\t\t\t\t<\/a>\n\t\t<\/div>\n\t\t\t\t<\/div>\n\t\t\t\t<\/div>\n\t\t\t\t<div class=\"elementor-element elementor-element-b4b15c3 elementor-widget elementor-widget-spacer\" data-id=\"b4b15c3\" data-element_type=\"widget\" data-widget_type=\"spacer.default\">\n\t\t\t\t<div class=\"elementor-widget-container\">\n\t\t\t\t\t<div class=\"elementor-spacer\">\n\t\t\t<div class=\"elementor-spacer-inner\"><\/div>\n\t\t<\/div>\n\t\t\t\t<\/div>\n\t\t\t\t<\/div>\n\t\t\t\t\t\t<\/div>\n\t\t\t<\/div>\n\t\t<\/div>\n\t\t\t\t\t\t<\/div>\n\t\t\t<\/div>\n\t\t<\/section>\n\t\t\t\t\t\t<\/div>\n\t\t\t<\/div>\n\t\t<\/div>","protected":false},"excerpt":{"rendered":"<p>servicii Campanii social-media Campanii social-media &#8211; lansare de produs Organizarea de campanii social-media reprezint\u0103 o modalitate de a v\u0103 promova brandul foarte eficient\u0103. Gra\u021bie lor pute\u021bi ob\u021bine un trafic constant \u0219i pute\u021bi reu\u0219i\u021bi s\u0103 v\u0103 \u021bine clien\u021bi mereu la curent cu valorile, preocup\u0103rile \u0219i produsele aflate \u00een ofert\u0103. Identificarea celor mai potrivite medii unde s\u0103 [&hellip;]<\/p>","protected":false},"author":1,"featured_media":0,"parent":1290,"menu_order":0,"comment_status":"closed","ping_status":"closed","template":"page-templates\/fullwidth-content.php","meta":[],"_links":{"self":[{"href":"http:\/\/xpress.ro\/en\/wp-json\/wp\/v2\/pages\/8514"}],"collection":[{"href":"http:\/\/xpress.ro\/en\/wp-json\/wp\/v2\/pages"}],"about":[{"href":"http:\/\/xpress.ro\/en\/wp-json\/wp\/v2\/types\/page"}],"author":[{"embeddable":true,"href":"http:\/\/xpress.ro\/en\/wp-json\/wp\/v2\/users\/1"}],"replies":[{"embeddable":true,"href":"http:\/\/xpress.ro\/en\/wp-json\/wp\/v2\/comments?post=8514"}],"version-history":[{"count":5,"href":"http:\/\/xpress.ro\/en\/wp-json\/wp\/v2\/pages\/8514\/revisions"}],"predecessor-version":[{"id":8809,"href":"http:\/\/xpress.ro\/en\/wp-json\/wp\/v2\/pages\/8514\/revisions\/8809"}],"up":[{"embeddable":true,"href":"http:\/\/xpress.ro\/en\/wp-json\/wp\/v2\/pages\/1290"}],"wp:attachment":[{"href":"http:\/\/xpress.ro\/en\/wp-json\/wp\/v2\/media?parent=8514"}],"curies":[{"name":"wp","href":"https:\/\/api.w.org\/{rel}","templated":true}]}}