{"id":8508,"date":"2020-04-28T11:46:29","date_gmt":"2020-04-28T11:46:29","guid":{"rendered":"http:\/\/xpress.ro\/?page_id=8508"},"modified":"2020-05-12T07:03:03","modified_gmt":"2020-05-12T07:03:03","slug":"dezvoltare-online","status":"publish","type":"page","link":"http:\/\/xpress.ro\/en\/servicii\/dezvoltare-online\/","title":{"rendered":"Online development"},"content":{"rendered":"<div data-elementor-type=\"wp-post\" data-elementor-id=\"8508\" class=\"elementor elementor-8508\" data-elementor-settings=\"[]\">\n\t\t\t<div class=\"elementor-inner\">\n\t\t\t\t<div class=\"elementor-section-wrap\">\n\t\t\t\t\t\t\t<section class=\"elementor-element elementor-element-5cff988 invert elementor-section-boxed elementor-section-height-default elementor-section-height-default elementor-section elementor-top-section\" data-id=\"5cff988\" data-element_type=\"section\" data-settings=\"{&quot;background_background&quot;:&quot;classic&quot;}\">\n\t\t\t\t\t\t\t<div class=\"elementor-background-overlay\"><\/div>\n\t\t\t\t\t\t\t<div class=\"elementor-container elementor-column-gap-no\">\n\t\t\t\t<div class=\"elementor-row\">\n\t\t\t\t<div class=\"elementor-element elementor-element-ca1a4b4 elementor-column elementor-col-100 elementor-top-column\" data-id=\"ca1a4b4\" data-element_type=\"column\">\n\t\t\t<div class=\"elementor-column-wrap  elementor-element-populated\">\n\t\t\t\t\t<div class=\"elementor-widget-wrap\">\n\t\t\t\t<div class=\"elementor-element elementor-element-e7da8c1 custom-animation elementor-widget elementor-widget-heading\" data-id=\"e7da8c1\" data-element_type=\"widget\" data-widget_type=\"heading.default\">\n\t\t\t\t<div class=\"elementor-widget-container\">\n\t\t\t<h3 class=\"elementor-heading-title elementor-size-default\">Services<\/h3>\t\t<\/div>\n\t\t\t\t<\/div>\n\t\t\t\t<div class=\"elementor-element elementor-element-79c07f8 elementor-widget elementor-widget-heading\" data-id=\"79c07f8\" data-element_type=\"widget\" data-widget_type=\"heading.default\">\n\t\t\t\t<div class=\"elementor-widget-container\">\n\t\t\t<h1 class=\"elementor-heading-title elementor-size-default\">Online development<\/h1>\t\t<\/div>\n\t\t\t\t<\/div>\n\t\t\t\t\t\t<\/div>\n\t\t\t<\/div>\n\t\t<\/div>\n\t\t\t\t\t\t<\/div>\n\t\t\t<\/div>\n\t\t<\/section>\n\t\t\t\t<section class=\"elementor-element elementor-element-5c6b870 elementor-section-boxed elementor-section-height-default elementor-section-height-default elementor-section elementor-top-section\" data-id=\"5c6b870\" data-element_type=\"section\">\n\t\t\t\t\t\t<div class=\"elementor-container elementor-column-gap-no\">\n\t\t\t\t<div class=\"elementor-row\">\n\t\t\t\t<div class=\"elementor-element elementor-element-59b121b elementor-column elementor-col-100 elementor-top-column\" data-id=\"59b121b\" data-element_type=\"column\">\n\t\t\t<div class=\"elementor-column-wrap  elementor-element-populated\">\n\t\t\t\t\t<div class=\"elementor-widget-wrap\">\n\t\t\t\t<div class=\"elementor-element elementor-element-31842d7 elementor-widget elementor-widget-heading\" data-id=\"31842d7\" data-element_type=\"widget\" data-widget_type=\"heading.default\">\n\t\t\t\t<div class=\"elementor-widget-container\">\n\t\t\t<h2 class=\"elementor-heading-title elementor-size-default\">Online development<\/h2>\t\t<\/div>\n\t\t\t\t<\/div>\n\t\t\t\t<div class=\"elementor-element elementor-element-f62ad17 elementor-widget elementor-widget-spacer\" data-id=\"f62ad17\" data-element_type=\"widget\" data-widget_type=\"spacer.default\">\n\t\t\t\t<div class=\"elementor-widget-container\">\n\t\t\t\t\t<div class=\"elementor-spacer\">\n\t\t\t<div class=\"elementor-spacer-inner\"><\/div>\n\t\t<\/div>\n\t\t\t\t<\/div>\n\t\t\t\t<\/div>\n\t\t\t\t<div class=\"elementor-element elementor-element-e3a768c elementor-widget elementor-widget-text-editor\" data-id=\"e3a768c\" data-element_type=\"widget\" data-widget_type=\"text-editor.default\">\n\t\t\t\t<div class=\"elementor-widget-container\">\n\t\t\t\t\t<div class=\"elementor-text-editor elementor-clearfix\"><p class=\" translation-block\"><span style=\"font-weight: 400;\">Unlimited internet access and accessibility to increasingly advanced applications and technologies have shifted competitiveness from many areas to online. Now most intentions of contracting services or buying goods begin through an online consultation. As the main source of information of more and more customers is more and more frequently this source, under these conditions the presentation and promotion of any company necessarily needs online development.<\/span><\/p><p class=\" translation-block\"><span style=\"font-weight: 400;\">To perform, a business needs to take much more into account today than in the past. Each of the web design services, graphics, logo creation, application development, SEO, promotion campaigns and digital marketing is just as important to bring success.\n<\/span><\/p><p><span style=\"font-weight: 400;\">Given that the virtual environment is the most often the place where supply is met, online development in this segment must be a priority for all companies that want to address the target audience as appropriately and well-targeted. By implementing and using programs and platforms with high-performance and specialized tools, all data and statistics related to the number of visitors to the site, their place of provenance, their browsing preferences, etc. can now be recorded and monitored in real time.\u00a0<\/span><\/p><p><span style=\"font-weight: 400;\">Creating a presentation site or an online store that provides users with a more enjoyable and easily accessible browsing experience from any type of device with internet connection, making material and content for the site, blog or multimedia interesting to users and relevant to search engines and social interactions contributes today in defining way to reaching as easily as possible to as many of the interested customers as possible.<\/span><\/p><p class=\" translation-block\"><span style=\"font-weight: 400;\">To benefit from a high-performance online development  that integrates all the necessary services, in line with current trends and that will help you achieve your proposed targets more easily, the easiest and safest method is to call on a dedicated agency, full service, as we are at  Xpress.<\/span><\/p><\/div>\n\t\t\t\t<\/div>\n\t\t\t\t<\/div>\n\t\t\t\t\t\t<\/div>\n\t\t\t<\/div>\n\t\t<\/div>\n\t\t\t\t\t\t<\/div>\n\t\t\t<\/div>\n\t\t<\/section>\n\t\t\t\t<section class=\"elementor-element elementor-element-8d45aa6 invert elementor-section-boxed elementor-section-height-default elementor-section-height-default elementor-section elementor-top-section\" data-id=\"8d45aa6\" data-element_type=\"section\" data-settings=\"{&quot;background_background&quot;:&quot;classic&quot;}\">\n\t\t\t\t\t\t\t<div class=\"elementor-background-overlay\"><\/div>\n\t\t\t\t\t\t\t<div class=\"elementor-container elementor-column-gap-no\">\n\t\t\t\t<div class=\"elementor-row\">\n\t\t\t\t<div class=\"elementor-element elementor-element-f6211bd elementor-column elementor-col-100 elementor-top-column\" data-id=\"f6211bd\" data-element_type=\"column\" data-settings=\"{&quot;background_background&quot;:&quot;classic&quot;}\">\n\t\t\t<div class=\"elementor-column-wrap  elementor-element-populated\">\n\t\t\t\t\t<div class=\"elementor-widget-wrap\">\n\t\t\t\t<div class=\"elementor-element elementor-element-e076439 elementor-widget elementor-widget-spacer\" data-id=\"e076439\" data-element_type=\"widget\" data-widget_type=\"spacer.default\">\n\t\t\t\t<div class=\"elementor-widget-container\">\n\t\t\t\t\t<div class=\"elementor-spacer\">\n\t\t\t<div class=\"elementor-spacer-inner\"><\/div>\n\t\t<\/div>\n\t\t\t\t<\/div>\n\t\t\t\t<\/div>\n\t\t\t\t<div class=\"elementor-element elementor-element-a451ba7 elementor-widget elementor-widget-text-editor\" data-id=\"a451ba7\" data-element_type=\"widget\" data-widget_type=\"text-editor.default\">\n\t\t\t\t<div class=\"elementor-widget-container\">\n\t\t\t\t\t<div class=\"elementor-text-editor elementor-clearfix\"><p class=\" translation-block\"><span style=\"font-weight: 400;\">Here you will find an experienced team that professionally handles every stage and process involved in creating, developing and promoting your project. We can achieve for you: personalized web design services for presentation sites and online stores, graphic services for promotional materials and display marketing, logo creation, SEO services, newsletter, promotion campaigns, social media campaigns, email marketing and PPC, online application development.\n<\/span><\/p><\/div>\n\t\t\t\t<\/div>\n\t\t\t\t<\/div>\n\t\t\t\t<div class=\"elementor-element elementor-element-986d269 elementor-widget elementor-widget-text-editor\" data-id=\"986d269\" data-element_type=\"widget\" data-widget_type=\"text-editor.default\">\n\t\t\t\t<div class=\"elementor-widget-container\">\n\t\t\t\t\t<div class=\"elementor-text-editor elementor-clearfix\"><p>For a personalized offer<\/p><\/div>\n\t\t\t\t<\/div>\n\t\t\t\t<\/div>\n\t\t\t\t<div class=\"elementor-element elementor-element-8e963b3 elementor-button-danger elementor-align-center elementor-widget elementor-widget-button\" data-id=\"8e963b3\" data-element_type=\"widget\" data-widget_type=\"button.default\">\n\t\t\t\t<div class=\"elementor-widget-container\">\n\t\t\t\t\t<div class=\"elementor-button-wrapper\">\n\t\t\t<a href=\"http:\/\/xpress.ro\/en\/contact\/\" class=\"elementor-button-link elementor-button elementor-size-xl\" role=\"button\">\n\t\t\t\t\t\t<span class=\"elementor-button-content-wrapper\">\n\t\t\t\t\t\t<span class=\"elementor-button-text\">Contact Us<\/span>\n\t\t<\/span>\n\t\t\t\t\t<\/a>\n\t\t<\/div>\n\t\t\t\t<\/div>\n\t\t\t\t<\/div>\n\t\t\t\t<div class=\"elementor-element elementor-element-b4b15c3 elementor-widget elementor-widget-spacer\" data-id=\"b4b15c3\" data-element_type=\"widget\" data-widget_type=\"spacer.default\">\n\t\t\t\t<div class=\"elementor-widget-container\">\n\t\t\t\t\t<div class=\"elementor-spacer\">\n\t\t\t<div class=\"elementor-spacer-inner\"><\/div>\n\t\t<\/div>\n\t\t\t\t<\/div>\n\t\t\t\t<\/div>\n\t\t\t\t\t\t<\/div>\n\t\t\t<\/div>\n\t\t<\/div>\n\t\t\t\t\t\t<\/div>\n\t\t\t<\/div>\n\t\t<\/section>\n\t\t\t\t\t\t<\/div>\n\t\t\t<\/div>\n\t\t<\/div>","protected":false},"excerpt":{"rendered":"<p>servicii dezvoltare online dezvoltare online Accesul nelimitat la internet \u0219i accesibilitatea la aplica\u021bii \u0219i tehnologii din ce \u00een ce mai avansate au mutat competitivitatea din multe domenii \u00een mediul online. Acum cele mai multe inten\u021bii de contractare de servicii sau de cump\u0103rare de bunuri \u00eencep printr-o consultare online. Cum principala surs\u0103 de informare a tot [&hellip;]<\/p>","protected":false},"author":1,"featured_media":0,"parent":1290,"menu_order":0,"comment_status":"closed","ping_status":"closed","template":"page-templates\/fullwidth-content.php","meta":[],"_links":{"self":[{"href":"http:\/\/xpress.ro\/en\/wp-json\/wp\/v2\/pages\/8508"}],"collection":[{"href":"http:\/\/xpress.ro\/en\/wp-json\/wp\/v2\/pages"}],"about":[{"href":"http:\/\/xpress.ro\/en\/wp-json\/wp\/v2\/types\/page"}],"author":[{"embeddable":true,"href":"http:\/\/xpress.ro\/en\/wp-json\/wp\/v2\/users\/1"}],"replies":[{"embeddable":true,"href":"http:\/\/xpress.ro\/en\/wp-json\/wp\/v2\/comments?post=8508"}],"version-history":[{"count":4,"href":"http:\/\/xpress.ro\/en\/wp-json\/wp\/v2\/pages\/8508\/revisions"}],"predecessor-version":[{"id":8811,"href":"http:\/\/xpress.ro\/en\/wp-json\/wp\/v2\/pages\/8508\/revisions\/8811"}],"up":[{"embeddable":true,"href":"http:\/\/xpress.ro\/en\/wp-json\/wp\/v2\/pages\/1290"}],"wp:attachment":[{"href":"http:\/\/xpress.ro\/en\/wp-json\/wp\/v2\/media?parent=8508"}],"curies":[{"name":"wp","href":"https:\/\/api.w.org\/{rel}","templated":true}]}}