{"id":8505,"date":"2020-04-28T11:38:31","date_gmt":"2020-04-28T11:38:31","guid":{"rendered":"http:\/\/xpress.ro\/?page_id=8505"},"modified":"2020-05-12T07:00:55","modified_gmt":"2020-05-12T07:00:55","slug":"brand-boost","status":"publish","type":"page","link":"http:\/\/xpress.ro\/en\/servicii\/brand-boost\/","title":{"rendered":"Brand Boost"},"content":{"rendered":"<div data-elementor-type=\"wp-post\" data-elementor-id=\"8505\" class=\"elementor elementor-8505\" data-elementor-settings=\"[]\">\n\t\t\t<div class=\"elementor-inner\">\n\t\t\t\t<div class=\"elementor-section-wrap\">\n\t\t\t\t\t\t\t<section class=\"elementor-element elementor-element-5cff988 invert elementor-section-boxed elementor-section-height-default elementor-section-height-default elementor-section elementor-top-section\" data-id=\"5cff988\" data-element_type=\"section\" data-settings=\"{&quot;background_background&quot;:&quot;classic&quot;}\">\n\t\t\t\t\t\t\t<div class=\"elementor-background-overlay\"><\/div>\n\t\t\t\t\t\t\t<div class=\"elementor-container elementor-column-gap-no\">\n\t\t\t\t<div class=\"elementor-row\">\n\t\t\t\t<div class=\"elementor-element elementor-element-ca1a4b4 elementor-column elementor-col-100 elementor-top-column\" data-id=\"ca1a4b4\" data-element_type=\"column\">\n\t\t\t<div class=\"elementor-column-wrap  elementor-element-populated\">\n\t\t\t\t\t<div class=\"elementor-widget-wrap\">\n\t\t\t\t<div class=\"elementor-element elementor-element-e7da8c1 custom-animation elementor-widget elementor-widget-heading\" data-id=\"e7da8c1\" data-element_type=\"widget\" data-widget_type=\"heading.default\">\n\t\t\t\t<div class=\"elementor-widget-container\">\n\t\t\t<h3 class=\"elementor-heading-title elementor-size-default\">Services<\/h3>\t\t<\/div>\n\t\t\t\t<\/div>\n\t\t\t\t<div class=\"elementor-element elementor-element-79c07f8 elementor-widget elementor-widget-heading\" data-id=\"79c07f8\" data-element_type=\"widget\" data-widget_type=\"heading.default\">\n\t\t\t\t<div class=\"elementor-widget-container\">\n\t\t\t<h1 class=\"elementor-heading-title elementor-size-default\">Brand Boost<\/h1>\t\t<\/div>\n\t\t\t\t<\/div>\n\t\t\t\t\t\t<\/div>\n\t\t\t<\/div>\n\t\t<\/div>\n\t\t\t\t\t\t<\/div>\n\t\t\t<\/div>\n\t\t<\/section>\n\t\t\t\t<section class=\"elementor-element elementor-element-5c6b870 elementor-section-boxed elementor-section-height-default elementor-section-height-default elementor-section elementor-top-section\" data-id=\"5c6b870\" data-element_type=\"section\">\n\t\t\t\t\t\t<div class=\"elementor-container elementor-column-gap-no\">\n\t\t\t\t<div class=\"elementor-row\">\n\t\t\t\t<div class=\"elementor-element elementor-element-59b121b elementor-column elementor-col-100 elementor-top-column\" data-id=\"59b121b\" data-element_type=\"column\">\n\t\t\t<div class=\"elementor-column-wrap  elementor-element-populated\">\n\t\t\t\t\t<div class=\"elementor-widget-wrap\">\n\t\t\t\t<div class=\"elementor-element elementor-element-31842d7 elementor-widget elementor-widget-heading\" data-id=\"31842d7\" data-element_type=\"widget\" data-widget_type=\"heading.default\">\n\t\t\t\t<div class=\"elementor-widget-container\">\n\t\t\t<h2 class=\"elementor-heading-title elementor-size-default\">Brand Boost (or Brand Development)\n<\/h2>\t\t<\/div>\n\t\t\t\t<\/div>\n\t\t\t\t<div class=\"elementor-element elementor-element-f62ad17 elementor-widget elementor-widget-spacer\" data-id=\"f62ad17\" data-element_type=\"widget\" data-widget_type=\"spacer.default\">\n\t\t\t\t<div class=\"elementor-widget-container\">\n\t\t\t\t\t<div class=\"elementor-spacer\">\n\t\t\t<div class=\"elementor-spacer-inner\"><\/div>\n\t\t<\/div>\n\t\t\t\t<\/div>\n\t\t\t\t<\/div>\n\t\t\t\t<div class=\"elementor-element elementor-element-e3a768c elementor-widget elementor-widget-text-editor\" data-id=\"e3a768c\" data-element_type=\"widget\" data-widget_type=\"text-editor.default\">\n\t\t\t\t<div class=\"elementor-widget-container\">\n\t\t\t\t\t<div class=\"elementor-text-editor elementor-clearfix\"><p class=\" translation-block\"><span style=\"font-weight: 400;\">Creating a successful business that customers can easily identify and recognize, needs brand boost  services or brand development. This package includes a number of elements such as:  creating a custom logo, creating an image and visual identity, message, slogan, website, promotion through brand awareness campaigns, SEO, etc.<\/span><\/p><p><span style=\"font-weight: 400;\">The value of a company is also largely given by the way it manages to define itself, to choose an image and a slogan, to create its own identity, which is distinct, original, easy to note and retain. If this first step is achieved, the road to recognition and to obtain the best visibility is much easier.\u00a0<\/span><\/p><p><span style=\"font-weight: 400;\">We all know how competitive today's digital environment is, how hard it is to gain notoriety and how important it is for an area to gain as much authority as possible. For a quick ranking in search engines, the best conversion rate, more visitors to the site and as many customers as possible, you need an advertising agency to make it easier for you to do so. That's why calling on a team of professionals to help you achieve an easy-to-remember and promoted brand identity is a defining aspect of business success.<\/span><\/p><p class=\" translation-block\"><span style=\"font-weight: 400;\">To differentiate yourself from the competition and benefit from an impeccable image, you always need the experience of specialists in graphics, design and brand concept. The Xpress advertising agency is exactly the partner you need to achieve and develop a strong brand and successful marketing campaigns.<\/span><\/p><p><span style=\"font-weight: 400;\">The success of your business is always linked to the power and authority of the brand you build. All promotional campaigns need to be associated with specific identity elements and a unified, original and distinct concept that only an experienced company, know-how and many successfully completed projects such as Xpress can guarantee you. <\/span><b>Xpress<\/b><span style=\"font-weight: 400;\">.<\/span><\/p><p class=\" translation-block\"><span style=\"font-weight: 400;\">A strong brand means uniqueness, difference and authority. A strong message that meets the needs of the target audience, informs and educates them, is the key to success. The role of brand boost services is this one, to create leadership in their field. It is only by designing and supporting a brand through well-thought-out promotion and marketing strategies that you get a thriving business with growth and development potential. Multichannel and multimedia campaigns are the most effective in this regard.<\/span><\/p><\/div>\n\t\t\t\t<\/div>\n\t\t\t\t<\/div>\n\t\t\t\t\t\t<\/div>\n\t\t\t<\/div>\n\t\t<\/div>\n\t\t\t\t\t\t<\/div>\n\t\t\t<\/div>\n\t\t<\/section>\n\t\t\t\t<section class=\"elementor-element elementor-element-8d45aa6 invert elementor-section-boxed elementor-section-height-default elementor-section-height-default elementor-section elementor-top-section\" data-id=\"8d45aa6\" data-element_type=\"section\" data-settings=\"{&quot;background_background&quot;:&quot;classic&quot;}\">\n\t\t\t\t\t\t\t<div class=\"elementor-background-overlay\"><\/div>\n\t\t\t\t\t\t\t<div class=\"elementor-container elementor-column-gap-no\">\n\t\t\t\t<div class=\"elementor-row\">\n\t\t\t\t<div class=\"elementor-element elementor-element-f6211bd elementor-column elementor-col-100 elementor-top-column\" data-id=\"f6211bd\" data-element_type=\"column\" data-settings=\"{&quot;background_background&quot;:&quot;classic&quot;}\">\n\t\t\t<div class=\"elementor-column-wrap  elementor-element-populated\">\n\t\t\t\t\t<div class=\"elementor-widget-wrap\">\n\t\t\t\t<div class=\"elementor-element elementor-element-e076439 elementor-widget elementor-widget-spacer\" data-id=\"e076439\" data-element_type=\"widget\" data-widget_type=\"spacer.default\">\n\t\t\t\t<div class=\"elementor-widget-container\">\n\t\t\t\t\t<div class=\"elementor-spacer\">\n\t\t\t<div class=\"elementor-spacer-inner\"><\/div>\n\t\t<\/div>\n\t\t\t\t<\/div>\n\t\t\t\t<\/div>\n\t\t\t\t<div class=\"elementor-element elementor-element-a451ba7 elementor-widget elementor-widget-text-editor\" data-id=\"a451ba7\" data-element_type=\"widget\" data-widget_type=\"text-editor.default\">\n\t\t\t\t<div class=\"elementor-widget-container\">\n\t\t\t\t\t<div class=\"elementor-text-editor elementor-clearfix\"><p class=\" translation-block\">Whether you are an already known brand or just intend to create one that is tailored specifically for the specifics of the targeted audience, our agency is the best choice to achieve brand boost services and brand development..<\/p><\/div>\n\t\t\t\t<\/div>\n\t\t\t\t<\/div>\n\t\t\t\t<div class=\"elementor-element elementor-element-986d269 elementor-widget elementor-widget-text-editor\" data-id=\"986d269\" data-element_type=\"widget\" data-widget_type=\"text-editor.default\">\n\t\t\t\t<div class=\"elementor-widget-container\">\n\t\t\t\t\t<div class=\"elementor-text-editor elementor-clearfix\"><p>For a personalized offer<\/p><\/div>\n\t\t\t\t<\/div>\n\t\t\t\t<\/div>\n\t\t\t\t<div class=\"elementor-element elementor-element-8e963b3 elementor-button-danger elementor-align-center elementor-widget elementor-widget-button\" data-id=\"8e963b3\" data-element_type=\"widget\" data-widget_type=\"button.default\">\n\t\t\t\t<div class=\"elementor-widget-container\">\n\t\t\t\t\t<div class=\"elementor-button-wrapper\">\n\t\t\t<a href=\"http:\/\/xpress.ro\/en\/contact\/\" class=\"elementor-button-link elementor-button elementor-size-xl\" role=\"button\">\n\t\t\t\t\t\t<span class=\"elementor-button-content-wrapper\">\n\t\t\t\t\t\t<span class=\"elementor-button-text\">Contact Us<\/span>\n\t\t<\/span>\n\t\t\t\t\t<\/a>\n\t\t<\/div>\n\t\t\t\t<\/div>\n\t\t\t\t<\/div>\n\t\t\t\t<div class=\"elementor-element elementor-element-b4b15c3 elementor-widget elementor-widget-spacer\" data-id=\"b4b15c3\" data-element_type=\"widget\" data-widget_type=\"spacer.default\">\n\t\t\t\t<div class=\"elementor-widget-container\">\n\t\t\t\t\t<div class=\"elementor-spacer\">\n\t\t\t<div class=\"elementor-spacer-inner\"><\/div>\n\t\t<\/div>\n\t\t\t\t<\/div>\n\t\t\t\t<\/div>\n\t\t\t\t\t\t<\/div>\n\t\t\t<\/div>\n\t\t<\/div>\n\t\t\t\t\t\t<\/div>\n\t\t\t<\/div>\n\t\t<\/section>\n\t\t\t\t\t\t<\/div>\n\t\t\t<\/div>\n\t\t<\/div>","protected":false},"excerpt":{"rendered":"<p>servicii Brand Boost Brand Boost (sau Dezvoltare de brand) Crearea unei afaceri de succes, pe care clien\u021bii s\u0103 o identifice u\u0219or \u0219i s\u0103 o recunoasc\u0103, are nevoie de servicii de brand boost sau dezvoltare de brand. \u00cen acest pachet intr\u0103 o serie de elemente precum: crea\u021bia unui logo personalizat, realizarea unei identit\u0103\u021bi de imagine \u0219i [&hellip;]<\/p>","protected":false},"author":1,"featured_media":0,"parent":1290,"menu_order":0,"comment_status":"closed","ping_status":"closed","template":"page-templates\/fullwidth-content.php","meta":[],"_links":{"self":[{"href":"http:\/\/xpress.ro\/en\/wp-json\/wp\/v2\/pages\/8505"}],"collection":[{"href":"http:\/\/xpress.ro\/en\/wp-json\/wp\/v2\/pages"}],"about":[{"href":"http:\/\/xpress.ro\/en\/wp-json\/wp\/v2\/types\/page"}],"author":[{"embeddable":true,"href":"http:\/\/xpress.ro\/en\/wp-json\/wp\/v2\/users\/1"}],"replies":[{"embeddable":true,"href":"http:\/\/xpress.ro\/en\/wp-json\/wp\/v2\/comments?post=8505"}],"version-history":[{"count":4,"href":"http:\/\/xpress.ro\/en\/wp-json\/wp\/v2\/pages\/8505\/revisions"}],"predecessor-version":[{"id":8807,"href":"http:\/\/xpress.ro\/en\/wp-json\/wp\/v2\/pages\/8505\/revisions\/8807"}],"up":[{"embeddable":true,"href":"http:\/\/xpress.ro\/en\/wp-json\/wp\/v2\/pages\/1290"}],"wp:attachment":[{"href":"http:\/\/xpress.ro\/en\/wp-json\/wp\/v2\/media?parent=8505"}],"curies":[{"name":"wp","href":"https:\/\/api.w.org\/{rel}","templated":true}]}}