{"id":8473,"date":"2020-04-21T06:43:23","date_gmt":"2020-04-21T06:43:23","guid":{"rendered":"http:\/\/xpress.ro\/?page_id=8473"},"modified":"2020-05-12T07:11:43","modified_gmt":"2020-05-12T07:11:43","slug":"termeni","status":"publish","type":"page","link":"http:\/\/xpress.ro\/en\/termeni\/","title":{"rendered":"GDPR Terms"},"content":{"rendered":"<div data-elementor-type=\"wp-post\" data-elementor-id=\"8473\" class=\"elementor elementor-8473\" data-elementor-settings=\"[]\">\n\t\t\t<div class=\"elementor-inner\">\n\t\t\t\t<div class=\"elementor-section-wrap\">\n\t\t\t\t\t\t\t<section class=\"elementor-element elementor-element-5cff988 invert elementor-section-boxed elementor-section-height-default elementor-section-height-default elementor-section elementor-top-section\" data-id=\"5cff988\" data-element_type=\"section\" data-settings=\"{&quot;background_background&quot;:&quot;classic&quot;}\">\n\t\t\t\t\t\t\t<div class=\"elementor-background-overlay\"><\/div>\n\t\t\t\t\t\t\t<div class=\"elementor-container elementor-column-gap-no\">\n\t\t\t\t<div class=\"elementor-row\">\n\t\t\t\t<div class=\"elementor-element elementor-element-ca1a4b4 elementor-column elementor-col-100 elementor-top-column\" data-id=\"ca1a4b4\" data-element_type=\"column\">\n\t\t\t<div class=\"elementor-column-wrap  elementor-element-populated\">\n\t\t\t\t\t<div class=\"elementor-widget-wrap\">\n\t\t\t\t<div class=\"elementor-element elementor-element-e7da8c1 custom-animation elementor-widget elementor-widget-heading\" data-id=\"e7da8c1\" data-element_type=\"widget\" data-widget_type=\"heading.default\">\n\t\t\t\t<div class=\"elementor-widget-container\">\n\t\t\t<h3 class=\"elementor-heading-title elementor-size-default\">GDPR<\/h3>\t\t<\/div>\n\t\t\t\t<\/div>\n\t\t\t\t<div class=\"elementor-element elementor-element-79c07f8 elementor-widget elementor-widget-heading\" data-id=\"79c07f8\" data-element_type=\"widget\" data-widget_type=\"heading.default\">\n\t\t\t\t<div class=\"elementor-widget-container\">\n\t\t\t<h1 class=\"elementor-heading-title elementor-size-default\">Termeni \u0219i condi\u021bii<\/h1>\t\t<\/div>\n\t\t\t\t<\/div>\n\t\t\t\t\t\t<\/div>\n\t\t\t<\/div>\n\t\t<\/div>\n\t\t\t\t\t\t<\/div>\n\t\t\t<\/div>\n\t\t<\/section>\n\t\t\t\t<section class=\"elementor-element elementor-element-5c6b870 elementor-section-boxed elementor-section-height-default elementor-section-height-default elementor-section elementor-top-section\" data-id=\"5c6b870\" data-element_type=\"section\">\n\t\t\t\t\t\t<div class=\"elementor-container elementor-column-gap-no\">\n\t\t\t\t<div class=\"elementor-row\">\n\t\t\t\t<div class=\"elementor-element elementor-element-59b121b elementor-column elementor-col-100 elementor-top-column\" data-id=\"59b121b\" data-element_type=\"column\">\n\t\t\t<div class=\"elementor-column-wrap  elementor-element-populated\">\n\t\t\t\t\t<div class=\"elementor-widget-wrap\">\n\t\t\t\t<div class=\"elementor-element elementor-element-f62ad17 elementor-widget elementor-widget-spacer\" data-id=\"f62ad17\" data-element_type=\"widget\" data-widget_type=\"spacer.default\">\n\t\t\t\t<div class=\"elementor-widget-container\">\n\t\t\t\t\t<div class=\"elementor-spacer\">\n\t\t\t<div class=\"elementor-spacer-inner\"><\/div>\n\t\t<\/div>\n\t\t\t\t<\/div>\n\t\t\t\t<\/div>\n\t\t\t\t<div class=\"elementor-element elementor-element-e3a768c elementor-widget elementor-widget-text-editor\" data-id=\"e3a768c\" data-element_type=\"widget\" data-widget_type=\"text-editor.default\">\n\t\t\t\t<div class=\"elementor-widget-container\">\n\t\t\t\t\t<div class=\"elementor-text-editor elementor-clearfix\"><p><b>Termeni \u0219i condi\u021bii de utilizare a website-ului Xpress<\/b><\/p><ol><li><b> Introducere<\/b><\/li><\/ol><p><span style=\"font-weight: 400;\">Prezentele Condi\u021bii Generale definesc condi\u021biile de utilizare a site-ului Xpress.ro de c\u0103tre vizitatorii acestuia. Acces\u00e2nd \u0219i navig\u00e2nd pe acest site, accepta\u021bi, de facto, termenii de utilizare descri\u0219i \u00een continuare. \u00cen cazul \u00een care nu sunte\u021bi de acord cu prezenta not\u0103, v\u0103 rug\u0103m s\u0103 p\u0103r\u0103si\u021bi acest website.<\/span><\/p><ol start=\"2\"><li><b> Neangajarea r\u0103spunderii<\/b><\/li><\/ol><p><span style=\"font-weight: 400;\">Con\u021binutul informa\u021biilor se refer\u0103 la descrierea, \u00eentr-un anumit grad de detaliere, a servicilor si produselor Operatorului acestui website. Xpress.ro \u0219i Xpress AdvertisingS.R.L. nu va acorda nicio garan\u021bie referitoare la:<\/span><\/p><p><span style=\"font-weight: 400;\">evitarea utiliz\u0103rii anevoioase sau \u00eentreruperii \u00een utilizare a site-ului,<\/span><\/p><p><span style=\"font-weight: 400;\">neafectarea \u00een sens negativ a altor sisteme prin utilizarea site-ului.<\/span><\/p><p><span style=\"font-weight: 400;\">Astfel, Xpress.ro \u0219i Xpress AdvertisingS.R.L. nu poate fi responsabil\u0103 pentru niciun fel de daune directe sau indirecte produse prin utilizarea site-ului Xpress.ro .<\/span><\/p><ol start=\"3\"><li><b> Marca \u0219i dreptul de autor<\/b><\/li><\/ol><p><span style=\"font-weight: 400;\">Dreptul de autor pentru majoritatea informa\u021biilor existente pe acest site este de\u021binut de Xpress.ro \u0219i Xpress AdvertisingS.R.L., de afilia\u021bii s\u0103i sau de sursele care sunt citate la finalul fiec\u0103rui segment de text preluat. Niciun material de pe acest site nu poate fi reprodus par\u021bial, integral sau modificat f\u0103r\u0103 acordul expres exprimat de c\u0103tre Xpress.ro \u0219i Xpress AdvertisingS.R.L. ori de titularul acestui drept. Toate drepturile sunt rezervate Xpress.ro \u0219i Xpress AdvertisingS.R.L.. Este strict interzis\u0103 folosirea acestui site \u00een scopul distrugerii sau alter\u0103rii lui ori a con\u021binutului sau a securit\u0103\u021bii acestuia ori pentru discreditarea sau h\u0103r\u021buirea Xpress.ro \u0219i Xpress AdvertisingS.R.L. sau a afilia\u0163ilor s\u0103i. Xpress.ro \u0219i Xpress AdvertisingS.R.L. va aplica toate m\u0103surile de securitate tehnic\u0103 \u0219i organizatoric\u0103 pentru protejarea datelor asupra c\u0103rora de\u021bine controlul \u00eempotriva oric\u0103rei situa\u021bii de manipulare accidental\u0103 sau inten\u021bionat\u0103, pierdere, distrugere sau \u00eempotriva accesului unei persoane neautorizate.<\/span><\/p><ol start=\"4\"><li><b> Obiectivul con\u021binutului site-ului<\/b><\/li><\/ol><p><span style=\"font-weight: 400;\">Obiectivul con\u021binutului site-ului este de a transmite informa\u021bii actualizate despre optimizarea pentru motoarele de c\u0103utare, serviciile, produsele \u0219i ofertele speciale ale Xpress AdvertisingS.R.L. Xpress.ro \u0219i Xpress AdvertisingS.R.L. nu pot garanta \u00eens\u0103, c\u0103 prezentele pagini nu con\u021bin erori \u0219i asigur\u0103 c\u0103 depune toate diligen\u021bele pentru realizarea unei inform\u0103ri corecte \u0219i remedierea eventualelor erori.<\/span><\/p><ol start=\"5\"><li><b> Confiden\u021bialitate<\/b><\/li><\/ol><p><span style=\"font-weight: 400;\">Protec\u021bia informa\u021biilor \u00een cursul proces\u0103rii datelor dumneavoastr\u0103 personale este o preocupare major\u0103 a Xpress.ro \u0219i Xpress AdvertisingS.R.L., de aceea toate datele colectate \u00een cursul vizitelor pe site-ul nostru web sunt procesate conform prevederilor legale valabile \u00een statul \u00een care este \u00eentre\u021binut acest site, respectiv Rom\u00e2nia. Site-ul nostru web poate include leg\u0103turi cu alte site-uri ale c\u0103ror con\u021binut nu se afl\u0103 sub controlul nostru \u015fi de aceea Xpress.ro \u0219i Xpress AdvertisingS.R.L. nu \u00ee\u0219i asum\u0103 \u0219i nu poate accepta niciun fel de responsabilitate pentru con\u021binutul acestor site-uri web. Xpress.ro \u0219i Xpress AdvertisingS.R.L. se angajeaz\u0103 s\u0103 nu dezv\u0103luie nicio informa\u021bie cu privire la vizitele dumneavoastr\u0103 pe acest site, except\u00e2nd situa\u021biile legale. Xpress.ro \u0219i Xpress AdvertisingS.R.L. nu va transmite niciunui ter\u021b datele dumneavoastr\u0103 personale introduse de dumneavoastr\u0103 pe site-ul Xpress.ro conform prezentului document.<\/span><\/p><ol start=\"6\"><li><b> Colectarea \u0219i procesarea datelor cu caracter personal<\/b><\/li><\/ol><p><span style=\"font-weight: 400;\">Conform cerin\u021belor Legii nr. 677\/2001 \u0219i Directivei Europene (EU) 2016\/679 (GDPR) pentru protec\u021bia persoanelor cu privire la prelucrarea datelor cu caracter personal \u0219i libera circula\u021bie a acestor date, modificat\u0103 \u0219i completat\u0103 \u0219i ale Legii nr. 506\/2004 privind prelucrarea datelor cu caracter personal \u0219i protec\u021bia vie\u021bii private \u00een sectorul comunica\u021biilor electronice, Xpress.ro \u0219i Xpress AdvertisingS.R.L. are obliga\u021bia de a administra \u00een condi\u021bii de siguran\u021b\u0103 \u0219i doar pentru scopurile specificate, datele personale pe care ni le furniza\u021bi despre dumneavoastr\u0103, un membru al familiei dumneavoastr\u0103 sau orice alt\u0103 persoan\u0103. Scopul colect\u0103rii datelor este promovarea con\u021binutului, a serviciilor si produselor oferite de Xpress AdvertisingS.R.L. prin intermediul a Xpress.ro \u0219i realizarea de statistici. Informa\u021biile \u00eenregistrate sunt destinate exclusiv utiliz\u0103rii de c\u0103tre operator.<\/span><\/p><p><span style=\"font-weight: 400;\">Conform Legii nr. 677\/2001 \u0219i Directivei Europene (EU) 2016\/679 (GDPR), beneficia\u021bi de dreptul de acces, de interven\u021bie asupra datelor, dreptul de a nu fi supus unei decizii individuale \u0219i dreptul de a v\u0103 adresa justi\u021biei. Totodat\u0103, ave\u021bi dreptul s\u0103 v\u0103 opune\u021bi prelucr\u0103rii datelor personale care v\u0103 privesc \u0219i s\u0103 solicita\u021bi \u0219tergerea datelor. Pentru exercitarea acestor drepturi, v\u0103 rug\u0103m s\u0103 trimite\u021bi un e-mail c\u0103tre office [@] xpress.ro. De asemenea, v\u0103 este recunoscut dreptul de a va adresa justi\u021biei. Dac\u0103 unele din datele despre dumneavoastr\u0103 sunt incorecte, v\u0103 rugam s\u0103 ne informa\u021bi c\u00e2t mai cur\u00e2nd posibil.<\/span><\/p><p><span style=\"font-weight: 400;\">C\u00e2nd vizita\u021bi site-ul web al Xpress.ro \u0219i Xpress AdvertisingS.R.L. serverul de web \u00eenregistreaz\u0103 automat numele furnizorului dumneavoastr\u0103 de servicii internet \u0219i site-ul web de pe care a\u021bi urmat link-ul c\u0103tre site-ul \u00een discu\u021bie. De asemenea, dac\u0103 sunte\u021bi conectat \u00een contul de Facebook, site-ul ar putea urm\u0103ri acest lucru pentru a v\u0103 \u00eembun\u0103t\u0103\u021bi experien\u021ba. Aceste informa\u021bii de pe Facebook nu sunt stocate. Alte date vor fi memorate numai dac\u0103 sunt oferite voluntar de dumneavoastr\u0103, de exemplu, \u00een contextul unei \u00eenregistr\u0103ri, al unui sondaj de opinie, concurs sau \u00een cursul execut\u0103rii unui contract.<\/span><\/p><p><span style=\"font-weight: 400;\">Atunci c\u00e2nd prin intermediul prezentului site v\u0103 sunt solicitate informa\u021bii, acestea au ca scop identificarea dumneavoastr\u0103 sau posibilitatea de a v\u0103 contacta. Acest lucru este cu at\u00e2t mai necesar \u00een cazul folosirii aplica\u021biilor disponibile pe site.<\/span><\/p><p><span style=\"font-weight: 400;\">Natura informa\u021biilor solicitate se refer\u0103 \u00een special la date cu caracter personal (nume, adres\u0103, numere de telefon), adresa de e-mail, modul \u00een care sunt utilizate sau inten\u021bioneaz\u0103 s\u0103 fie utilizate resursele puse la dispozi\u021bie pe site de c\u0103tre Xpress.ro \u0219i Xpress AdvertisingS.R.L., dar poate include \u0219i alte informa\u021bii aflate \u00een str\u00e2ns\u0103 leg\u0103tur\u0103 cu utilizarea resurselor solicitate.<\/span><\/p><p><span style=\"font-weight: 400;\">Cu scopul de a r\u0103spunde mai bine nevoilor \u0219i \u00eentreb\u0103rilor utilizatorilor site-ului, informa\u021biile solicitate prin intermediul acestui site vor face obiectul unei stoc\u0103ri \u0219i prelucr\u0103ri electronice.<\/span><\/p><ol start=\"7\"><li><b> Utilizarea \u0219i dezv\u0103luirea datelor personale \u0219i specificarea scopului<\/b><\/li><\/ol><p><span style=\"font-weight: 400;\">Datele dumneavoastr\u0103 vor fi tratate \u00een conformitate cu legisla\u021bia actual\u0103 privind Protec\u021bia Datelor cu Caracter Personal \u0219i vor fi utilizate de c\u0103tre Xpress.ro \u0219i Xpress AdvertisingS.R.L. \u00een scopuri pur promo\u021bionale \u0219i statistice. Xpress.ro \u0219i Xpress AdvertisingS.R.L. se oblig\u0103 ca datele personale s\u00e3 nu fie difuzate c\u0103tre ter\u021bi beneficiari\/utilizatori.<\/span><\/p><ol start=\"8\"><li><b> Informa\u021bii pentru utilizatori (vizitatori)<\/b><\/li><\/ol><p><span style=\"font-weight: 400;\">Ca utilizator (vizitator) ave\u021bi urm\u0103toarele responsabilit\u0103\u021bi:<\/span><\/p><ul><li style=\"font-weight: 400;\"><span style=\"font-weight: 400;\">s\u0103 furniza\u021bi date adev\u0103rate, exacte \u0219i complete despre dumneavoastr\u0103, a\u0219a cum este cerut de formularul de \u00eenregistrare, atunci c\u00e2nd este cazul.\u00a0<\/span><\/li><\/ul><p><span style=\"font-weight: 400;\">Totodat\u0103 v\u0103 asuma\u021bi obligativitatea de a <\/span><b>nu<\/b><span style=\"font-weight: 400;\"> face urm\u0103toarele:<\/span><\/p><ul><li style=\"font-weight: 400;\"><span style=\"font-weight: 400;\">s\u0103 publica\u021bi materiale care con\u021bin viru\u0219i sau alte programe cu inten\u021bia de a distruge acest sistem c\u00e2t \u0219i orice alt sistem sau informa\u021bie;\u00a0<\/span><\/li><li style=\"font-weight: 400;\"><span style=\"font-weight: 400;\">s\u0103 publica\u021bi materiale cu drept de autor, dac\u0103 nu sunte\u021bi autorul sau dac\u0103 nu ave\u021bi permisiunea autorului de a publica materialul respectiv;\u00a0<\/span><\/li><li style=\"font-weight: 400;\"><span style=\"font-weight: 400;\">s\u0103 publica\u021bi materiale obscene, def\u0103im\u0103toare, de amenin\u021bare sau r\u0103uvoitoare fa\u021b\u0103 de un alt utilizator, persoan\u0103 fizic\u0103 sau juridic\u0103, materiale ori informa\u021bii prohibite de prevederile legale \u00een vigoare;\u00a0<\/span><\/li><li style=\"font-weight: 400;\"><span style=\"font-weight: 400;\">s\u0103 publica\u021bi o imagine sau o afirma\u021bie care contravine normelor legale \u00een vigoare.\u00a0<\/span><\/li><\/ul><p><span style=\"font-weight: 400;\">\u00cen cazul nerespect\u0103rii acestor condi\u021bii, Xpress.ro \u0219i Xpress AdvertisingS.R.L. \u0219i afilia\u021bii s\u0103i se disociaz\u0103 de autorul acestora, va \u0219terge informa\u021biile respective \u0219i poate ac\u021biona pe cale legal\u0103.<\/span><\/p><ol start=\"9\"><li><b> Informa\u021biile oferite prin intermediul site-ului<\/b><\/li><\/ol><p><span style=\"font-weight: 400;\">Orice persoan\u0103 care viziteaz\u0103 site-ul \u0219i care \u00eei ofer\u0103 site-ului date sau informa\u021bii cu caracter personal \u00ee\u0219i manifest\u0103 acordul \u00een mod expres \u0219i neechivoc pentru urm\u0103toarele:<\/span><\/p><ul><li style=\"font-weight: 400;\"><span style=\"font-weight: 400;\">prelucrarea acestor date \u0219i informa\u021bii personale de c\u0103tre Xpress.ro \u0219i Xpress AdvertisingS.R.L. \u00een vederea efectu\u0103rii unor studii de pia\u021b\u0103;\u00a0<\/span><\/li><li style=\"font-weight: 400;\"><span style=\"font-weight: 400;\">solu\u021bionarea de c\u0103tre Xpress.ro \u0219i Xpress AdvertisingS.R.L. a cererilor, \u00eentreb\u0103rilor \u0219i reclama\u021biilor adresate (a se vedea pagina \u201cContact\u201d din site);\u00a0<\/span><\/li><li style=\"font-weight: 400;\"><span style=\"font-weight: 400;\">alte activit\u0103\u021bi \u00eentreprinse de Xpress.ro \u0219i Xpress AdvertisingS.R.L. \u0219i permise de lege, ce nu fac obiectul unei aprob\u0103ri din partea destinatarului.\u00a0<\/span><\/li><\/ul><p><span style=\"font-weight: 400;\">Xpress.ro \u0219i Xpress AdvertisingS.R.L. va p\u0103stra confiden\u021bialitatea acestor informa\u021bii. Xpress.ro \u0219i Xpress AdvertisingS.R.L. nu va distribui, sub nicio form\u0103, informa\u021biile cu caracter personal c\u0103tre ter\u021be persoane.<\/span><\/p><ol start=\"10\"><li><b> Informarea persoanelor vizate asupra drepturilor lor<\/b><\/li><\/ol><p><span style=\"font-weight: 400;\">Tuturor persoanelor care transmit c\u0103tre site-ul Xpress.ro datele lor personale le sunt garantate drepturile \u00een conformitate cu Legea 677\/2001, urm\u00e2nd a fi informa\u021bi prin anun\u021bul f\u0103cut public de c\u0103tre Xpress.ro \u0219i Xpress AdvertisingS.R.L. prin acest sistem asupra drepturilor lor.<\/span><\/p><p><span style=\"font-weight: 400;\">Pe l\u00e2ng\u0103 termenii \u0219i condi\u0163iile care sunt reglementate \u00een politica site-ului, dumneavoastr\u0103 \u00een\u021belege\u021bi \u0219i accepta\u021bi faptul c\u0103 Xpress.ro \u0219i Xpress AdvertisingS.R.L. poate culege \u0219i p\u0103stra date despre persoanele care viziteaz\u0103 acest site. Ave\u021bi dreptul de a ne cere s\u0103 \u0219tergem informa\u021biile referitoare la persoana dumneavoastr\u0103 contact\u00e2ndu-ne la adresa: contact [@] Xpress.ro.<\/span><\/p><ol start=\"11\"><li><b> Modific\u0103ri ale politicii de confiden\u021bialitate<\/b><\/li><\/ol><p><span style=\"font-weight: 400;\">Modific\u0103ri ale prezentei politici de confiden\u021bialitate ce vor ap\u0103rea pe parcurs vor fi publicate \u00een aceast\u0103 pagin\u0103 web f\u0103r\u0103 a v\u0103 informa anterior. Pagina \u201cTermeni \u0219i condi\u021bii\u201d constituie, \u00een \u00eentregime, un acord \u00eencheiat \u00eentre dumneavoastr\u0103 \u0219i Xpress.ro \u0219i Xpress AdvertisingS.R.L. \u00een privin\u021ba utiliz\u0103rii site-ului Xpress.ro. Xpress.ro \u0219i Xpress AdvertisingS.R.L. \u00ee\u0219i rezerv\u0103 dreptul de a revizui \u0219i a aduce la zi aceste reguli \u00een orice moment, f\u0103r\u0103 o anun\u021bare sau o acceptare prealabil\u0103 a utilizatorilor.<\/span><\/p><p><span style=\"font-weight: 400;\">Dac\u0103 ave\u021bi \u00eentreb\u0103ri cu privire la informa\u021biile cuprinse \u00een aceast\u0103 pagin\u0103 v\u0103 rug\u0103m s\u0103 ne scrie\u021bi la adresa office [@] Xpress.ro.<\/span><\/p><p><span style=\"font-weight: 400;\">Copyright Xpress. Toate drepturile rezervate.<\/span><\/p><\/div>\n\t\t\t\t<\/div>\n\t\t\t\t<\/div>\n\t\t\t\t\t\t<\/div>\n\t\t\t<\/div>\n\t\t<\/div>\n\t\t\t\t\t\t<\/div>\n\t\t\t<\/div>\n\t\t<\/section>\n\t\t\t\t\t\t<\/div>\n\t\t\t<\/div>\n\t\t<\/div>","protected":false},"excerpt":{"rendered":"<p>GDPR Termeni \u0219i condi\u021bii Termeni \u0219i condi\u021bii de utilizare a website-ului Xpress Introducere Prezentele Condi\u021bii Generale definesc condi\u021biile de utilizare a site-ului Xpress.ro de c\u0103tre vizitatorii acestuia. Acces\u00e2nd \u0219i navig\u00e2nd pe acest site, accepta\u021bi, de facto, termenii de utilizare descri\u0219i \u00een continuare. \u00cen cazul \u00een care nu sunte\u021bi de acord cu prezenta not\u0103, v\u0103 rug\u0103m [&hellip;]<\/p>","protected":false},"author":1,"featured_media":0,"parent":0,"menu_order":0,"comment_status":"closed","ping_status":"closed","template":"page-templates\/fullwidth-content.php","meta":[],"_links":{"self":[{"href":"http:\/\/xpress.ro\/en\/wp-json\/wp\/v2\/pages\/8473"}],"collection":[{"href":"http:\/\/xpress.ro\/en\/wp-json\/wp\/v2\/pages"}],"about":[{"href":"http:\/\/xpress.ro\/en\/wp-json\/wp\/v2\/types\/page"}],"author":[{"embeddable":true,"href":"http:\/\/xpress.ro\/en\/wp-json\/wp\/v2\/users\/1"}],"replies":[{"embeddable":true,"href":"http:\/\/xpress.ro\/en\/wp-json\/wp\/v2\/comments?post=8473"}],"version-history":[{"count":4,"href":"http:\/\/xpress.ro\/en\/wp-json\/wp\/v2\/pages\/8473\/revisions"}],"predecessor-version":[{"id":8819,"href":"http:\/\/xpress.ro\/en\/wp-json\/wp\/v2\/pages\/8473\/revisions\/8819"}],"wp:attachment":[{"href":"http:\/\/xpress.ro\/en\/wp-json\/wp\/v2\/media?parent=8473"}],"curies":[{"name":"wp","href":"https:\/\/api.w.org\/{rel}","templated":true}]}}